{"id":2,"date":"2014-12-10T19:42:00","date_gmt":"2014-12-10T19:42:00","guid":{"rendered":"https:\/\/www.museudeltabac.com\/?page_id=2"},"modified":"2020-09-17T11:47:52","modified_gmt":"2020-09-17T11:47:52","slug":"pagina-exemple","status":"publish","type":"page","link":"https:\/\/museufabricareig.com\/","title":{"rendered":"Inici"},"content":{"rendered":"<p>El Museu F\u00e0brica Reig d&#8217;Andorra \u00e9s un edifici emblem\u00e0tic de principi del segle XX, on es trobava l\u2019antiga f\u00e0brica de tabacs Reig de Sant Juli\u00e0 de L\u00f2ria que va funcionar del 1909 fins al 1957. A trav\u00e9s d\u2019un sistema multim\u00e8dia, el visitant \u00e9s guiat per un recorregut de la f\u00e0brica en el qual s\u2019expliquen els diferents processos de treball amb el tabac, la manufactura dels productes i la seva comercialitzaci\u00f3. El Museu F\u00e0brica Reig \u00e9s una iniciativa de la <a title=\"Fundaci\u00f3 Juli\u00e0 Reig\" href=\"http:\/\/www.fundaciojuliareig.ad\/\" target=\"_blank\" rel=\"noopener noreferrer\">Fundaci\u00f3 Juli\u00e0 Reig<\/a>.<\/p>\n","protected":false},"excerpt":{"rendered":"<p>El Museu F\u00e0brica Reig d&#8217;Andorra \u00e9s un edifici emblem\u00e0tic de principi del segle XX, on es trobava l\u2019antiga f\u00e0brica de&#8230;  <a href=\"https:\/\/museufabricareig.com\/\" class=\"more-link\" title=\"Veure Inici\">Veure m\u00e9s &raquo;<\/a><\/p>\n","protected":false},"author":3,"featured_media":0,"parent":0,"menu_order":0,"comment_status":"closed","ping_status":"closed","template":"page-homepage.php","meta":{"footnotes":""},"class_list":["post-2","page","type-page","status-publish","hentry"],"yoast_head":"<!-- This site is optimized with the Yoast SEO plugin v27.6 - https:\/\/yoast.com\/product\/yoast-seo-wordpress\/ -->\n<title>Inici - Museu F\u00e0brica Reig<\/title>\n<meta name=\"robots\" content=\"index, follow, max-snippet:-1, max-image-preview:large, max-video-preview:-1\" \/>\n<link rel=\"canonical\" href=\"https:\/\/museufabricareig.com\/\" \/>\n<meta property=\"og:locale\" content=\"ca_ES\" \/>\n<meta property=\"og:type\" content=\"article\" \/>\n<meta property=\"og:title\" content=\"Inici - Museu F\u00e0brica Reig\" \/>\n<meta property=\"og:description\" content=\"El Museu F\u00e0brica Reig d&#8217;Andorra \u00e9s un edifici emblem\u00e0tic de principi del segle XX, on es trobava l\u2019antiga f\u00e0brica de... Veure m\u00e9s &raquo;\" \/>\n<meta property=\"og:url\" content=\"https:\/\/museufabricareig.com\/\" \/>\n<meta property=\"og:site_name\" content=\"Museu F\u00e0brica Reig\" \/>\n<meta property=\"article:publisher\" content=\"https:\/\/www.facebook.com\/pages\/Museu-del-Tabac-Antiga-F%c3%a0brica-Reig\/108177865897882\" \/>\n<meta property=\"article:modified_time\" content=\"2020-09-17T11:47:52+00:00\" \/>\n<script type=\"application\/ld+json\" class=\"yoast-schema-graph\">{\"@context\":\"https:\\\/\\\/schema.org\",\"@graph\":[{\"@type\":\"WebPage\",\"@id\":\"https:\\\/\\\/museufabricareig.com\\\/\",\"url\":\"https:\\\/\\\/museufabricareig.com\\\/\",\"name\":\"Inici - Museu F\u00e0brica Reig\",\"isPartOf\":{\"@id\":\"https:\\\/\\\/museufabricareig.com\\\/#website\"},\"datePublished\":\"2014-12-10T19:42:00+00:00\",\"dateModified\":\"2020-09-17T11:47:52+00:00\",\"breadcrumb\":{\"@id\":\"https:\\\/\\\/museufabricareig.com\\\/#breadcrumb\"},\"inLanguage\":\"ca\",\"potentialAction\":[{\"@type\":\"ReadAction\",\"target\":[\"https:\\\/\\\/museufabricareig.com\\\/\"]}]},{\"@type\":\"BreadcrumbList\",\"@id\":\"https:\\\/\\\/museufabricareig.com\\\/#breadcrumb\",\"itemListElement\":[{\"@type\":\"ListItem\",\"position\":1,\"name\":\"Home\",\"item\":\"https:\\\/\\\/museufabricareig.com\\\/\"},{\"@type\":\"ListItem\",\"position\":2,\"name\":\"Inici\"}]},{\"@type\":\"WebSite\",\"@id\":\"https:\\\/\\\/museufabricareig.com\\\/#website\",\"url\":\"https:\\\/\\\/museufabricareig.com\\\/\",\"name\":\"Museu F\u00e0brica Reig\",\"description\":\"Altre lloc gestionat amb el WordPress\",\"potentialAction\":[{\"@type\":\"SearchAction\",\"target\":{\"@type\":\"EntryPoint\",\"urlTemplate\":\"https:\\\/\\\/museufabricareig.com\\\/?s={search_term_string}\"},\"query-input\":{\"@type\":\"PropertyValueSpecification\",\"valueRequired\":true,\"valueName\":\"search_term_string\"}}],\"inLanguage\":\"ca\"}]}<\/script>\n<!-- \/ Yoast SEO plugin. -->","yoast_head_json":{"title":"Inici - Museu F\u00e0brica Reig","robots":{"index":"index","follow":"follow","max-snippet":"max-snippet:-1","max-image-preview":"max-image-preview:large","max-video-preview":"max-video-preview:-1"},"canonical":"https:\/\/museufabricareig.com\/","og_locale":"ca_ES","og_type":"article","og_title":"Inici - Museu F\u00e0brica Reig","og_description":"El Museu F\u00e0brica Reig d&#8217;Andorra \u00e9s un edifici emblem\u00e0tic de principi del segle XX, on es trobava l\u2019antiga f\u00e0brica de... Veure m\u00e9s &raquo;","og_url":"https:\/\/museufabricareig.com\/","og_site_name":"Museu F\u00e0brica Reig","article_publisher":"https:\/\/www.facebook.com\/pages\/Museu-del-Tabac-Antiga-F%c3%a0brica-Reig\/108177865897882","article_modified_time":"2020-09-17T11:47:52+00:00","schema":{"@context":"https:\/\/schema.org","@graph":[{"@type":"WebPage","@id":"https:\/\/museufabricareig.com\/","url":"https:\/\/museufabricareig.com\/","name":"Inici - Museu F\u00e0brica Reig","isPartOf":{"@id":"https:\/\/museufabricareig.com\/#website"},"datePublished":"2014-12-10T19:42:00+00:00","dateModified":"2020-09-17T11:47:52+00:00","breadcrumb":{"@id":"https:\/\/museufabricareig.com\/#breadcrumb"},"inLanguage":"ca","potentialAction":[{"@type":"ReadAction","target":["https:\/\/museufabricareig.com\/"]}]},{"@type":"BreadcrumbList","@id":"https:\/\/museufabricareig.com\/#breadcrumb","itemListElement":[{"@type":"ListItem","position":1,"name":"Home","item":"https:\/\/museufabricareig.com\/"},{"@type":"ListItem","position":2,"name":"Inici"}]},{"@type":"WebSite","@id":"https:\/\/museufabricareig.com\/#website","url":"https:\/\/museufabricareig.com\/","name":"Museu F\u00e0brica Reig","description":"Altre lloc gestionat amb el WordPress","potentialAction":[{"@type":"SearchAction","target":{"@type":"EntryPoint","urlTemplate":"https:\/\/museufabricareig.com\/?s={search_term_string}"},"query-input":{"@type":"PropertyValueSpecification","valueRequired":true,"valueName":"search_term_string"}}],"inLanguage":"ca"}]}},"_links":{"self":[{"href":"https:\/\/museufabricareig.com\/index.php?rest_route=\/wp\/v2\/pages\/2","targetHints":{"allow":["GET"]}}],"collection":[{"href":"https:\/\/museufabricareig.com\/index.php?rest_route=\/wp\/v2\/pages"}],"about":[{"href":"https:\/\/museufabricareig.com\/index.php?rest_route=\/wp\/v2\/types\/page"}],"author":[{"embeddable":true,"href":"https:\/\/museufabricareig.com\/index.php?rest_route=\/wp\/v2\/users\/3"}],"replies":[{"embeddable":true,"href":"https:\/\/museufabricareig.com\/index.php?rest_route=%2Fwp%2Fv2%2Fcomments&post=2"}],"version-history":[{"count":4,"href":"https:\/\/museufabricareig.com\/index.php?rest_route=\/wp\/v2\/pages\/2\/revisions"}],"predecessor-version":[{"id":5376,"href":"https:\/\/museufabricareig.com\/index.php?rest_route=\/wp\/v2\/pages\/2\/revisions\/5376"}],"wp:attachment":[{"href":"https:\/\/museufabricareig.com\/index.php?rest_route=%2Fwp%2Fv2%2Fmedia&parent=2"}],"curies":[{"name":"wp","href":"https:\/\/api.w.org\/{rel}","templated":true}]}}