{"id":4045,"date":"2015-02-14T16:06:56","date_gmt":"2015-02-14T16:06:56","guid":{"rendered":"https:\/\/www.museudeltabac.com\/fons-documental-2\/"},"modified":"2015-03-23T17:01:49","modified_gmt":"2015-03-23T17:01:49","slug":"database-sourcing","status":"publish","type":"page","link":"https:\/\/museufabricareig.com\/?page_id=4045&lang=en","title":{"rendered":"Database sourcing"},"content":{"rendered":"<p>The Tobacco Museum has a bibliographic archive about tobacco with more than 700 books, 380 of them from the Dunhill archive, and the rest from the collections of Juli\u00e0 Reig Roqueta, \u00d2scar Ribas Reig and the God\u00f3 Collection.<\/p>\n<p>Besides the bibliographic fund, the museum has a fund with more than 6000 objects, including machines, tools, mechanisms, packages, wrappings, and cigar rings. There are also more than 400 aromas and perfumes, between the bottle, tubes, tablets and others.<\/p>\n<p>The Reig Archive has more than 1500 images and documents, as the photographic archive Rafel\u00f3 or the commercial and personal letters dates since 1873.<\/p>\n<p>Actually, the Tobacco Museum is working on the inventory of all the funds in order to becomes, in the future, a tobacco research center.<\/p>\n","protected":false},"excerpt":{"rendered":"<p>The Tobacco Museum has a bibliographic archive about tobacco with more than 700 books, 380 of them from the Dunhill&#8230;  <a href=\"https:\/\/museufabricareig.com\/?page_id=4045&#038;lang=en\" class=\"more-link\" title=\"Veure Database sourcing\">View more &raquo;<\/a><\/p>\n","protected":false},"author":3,"featured_media":0,"parent":0,"menu_order":0,"comment_status":"closed","ping_status":"open","template":"page-fons.php","meta":{"footnotes":""},"class_list":["post-4045","page","type-page","status-publish","hentry"],"yoast_head":"<!-- This site is optimized with the Yoast SEO plugin v27.5 - https:\/\/yoast.com\/product\/yoast-seo-wordpress\/ -->\n<title>Database sourcing - Museu F\u00e0brica Reig<\/title>\n<meta name=\"robots\" content=\"index, follow, max-snippet:-1, max-image-preview:large, max-video-preview:-1\" \/>\n<link rel=\"canonical\" href=\"https:\/\/museufabricareig.com\/?page_id=4045&lang=en\" \/>\n<meta property=\"og:locale\" content=\"en_US\" \/>\n<meta property=\"og:type\" content=\"article\" \/>\n<meta property=\"og:title\" content=\"Database sourcing - Museu F\u00e0brica Reig\" \/>\n<meta property=\"og:description\" content=\"The Tobacco Museum has a bibliographic archive about tobacco with more than 700 books, 380 of them from the Dunhill... View more &raquo;\" \/>\n<meta property=\"og:url\" content=\"https:\/\/museufabricareig.com\/?page_id=4045&amp;lang=en\" \/>\n<meta property=\"og:site_name\" content=\"Museu F\u00e0brica Reig\" \/>\n<meta property=\"article:publisher\" content=\"https:\/\/www.facebook.com\/pages\/Museu-del-Tabac-Antiga-F%c3%a0brica-Reig\/108177865897882\" \/>\n<meta property=\"article:modified_time\" content=\"2015-03-23T17:01:49+00:00\" \/>\n<meta name=\"twitter:label1\" content=\"Est. reading time\" \/>\n\t<meta name=\"twitter:data1\" content=\"1 minute\" \/>\n<script type=\"application\/ld+json\" class=\"yoast-schema-graph\">{\"@context\":\"https:\\\/\\\/schema.org\",\"@graph\":[{\"@type\":\"WebPage\",\"@id\":\"https:\\\/\\\/museufabricareig.com\\\/?page_id=4045&lang=en\",\"url\":\"https:\\\/\\\/museufabricareig.com\\\/?page_id=4045&lang=en\",\"name\":\"Database sourcing - Museu F\u00e0brica Reig\",\"isPartOf\":{\"@id\":\"https:\\\/\\\/museufabricareig.com\\\/#website\"},\"datePublished\":\"2015-02-14T16:06:56+00:00\",\"dateModified\":\"2015-03-23T17:01:49+00:00\",\"breadcrumb\":{\"@id\":\"https:\\\/\\\/museufabricareig.com\\\/?page_id=4045&lang=en#breadcrumb\"},\"inLanguage\":\"en-US\",\"potentialAction\":[{\"@type\":\"ReadAction\",\"target\":[\"https:\\\/\\\/museufabricareig.com\\\/?page_id=4045&lang=en\"]}]},{\"@type\":\"BreadcrumbList\",\"@id\":\"https:\\\/\\\/museufabricareig.com\\\/?page_id=4045&lang=en#breadcrumb\",\"itemListElement\":[{\"@type\":\"ListItem\",\"position\":1,\"name\":\"Home\",\"item\":\"https:\\\/\\\/museufabricareig.com\\\/?lang=en\"},{\"@type\":\"ListItem\",\"position\":2,\"name\":\"Database sourcing\"}]},{\"@type\":\"WebSite\",\"@id\":\"https:\\\/\\\/museufabricareig.com\\\/#website\",\"url\":\"https:\\\/\\\/museufabricareig.com\\\/\",\"name\":\"Museu F\u00e0brica Reig\",\"description\":\"Altre lloc gestionat amb el WordPress\",\"potentialAction\":[{\"@type\":\"SearchAction\",\"target\":{\"@type\":\"EntryPoint\",\"urlTemplate\":\"https:\\\/\\\/museufabricareig.com\\\/?s={search_term_string}\"},\"query-input\":{\"@type\":\"PropertyValueSpecification\",\"valueRequired\":true,\"valueName\":\"search_term_string\"}}],\"inLanguage\":\"en-US\"}]}<\/script>\n<!-- \/ Yoast SEO plugin. -->","yoast_head_json":{"title":"Database sourcing - Museu F\u00e0brica Reig","robots":{"index":"index","follow":"follow","max-snippet":"max-snippet:-1","max-image-preview":"max-image-preview:large","max-video-preview":"max-video-preview:-1"},"canonical":"https:\/\/museufabricareig.com\/?page_id=4045&lang=en","og_locale":"en_US","og_type":"article","og_title":"Database sourcing - Museu F\u00e0brica Reig","og_description":"The Tobacco Museum has a bibliographic archive about tobacco with more than 700 books, 380 of them from the Dunhill... View more &raquo;","og_url":"https:\/\/museufabricareig.com\/?page_id=4045&lang=en","og_site_name":"Museu F\u00e0brica Reig","article_publisher":"https:\/\/www.facebook.com\/pages\/Museu-del-Tabac-Antiga-F%c3%a0brica-Reig\/108177865897882","article_modified_time":"2015-03-23T17:01:49+00:00","twitter_misc":{"Est. reading time":"1 minute"},"schema":{"@context":"https:\/\/schema.org","@graph":[{"@type":"WebPage","@id":"https:\/\/museufabricareig.com\/?page_id=4045&lang=en","url":"https:\/\/museufabricareig.com\/?page_id=4045&lang=en","name":"Database sourcing - Museu F\u00e0brica Reig","isPartOf":{"@id":"https:\/\/museufabricareig.com\/#website"},"datePublished":"2015-02-14T16:06:56+00:00","dateModified":"2015-03-23T17:01:49+00:00","breadcrumb":{"@id":"https:\/\/museufabricareig.com\/?page_id=4045&lang=en#breadcrumb"},"inLanguage":"en-US","potentialAction":[{"@type":"ReadAction","target":["https:\/\/museufabricareig.com\/?page_id=4045&lang=en"]}]},{"@type":"BreadcrumbList","@id":"https:\/\/museufabricareig.com\/?page_id=4045&lang=en#breadcrumb","itemListElement":[{"@type":"ListItem","position":1,"name":"Home","item":"https:\/\/museufabricareig.com\/?lang=en"},{"@type":"ListItem","position":2,"name":"Database sourcing"}]},{"@type":"WebSite","@id":"https:\/\/museufabricareig.com\/#website","url":"https:\/\/museufabricareig.com\/","name":"Museu F\u00e0brica Reig","description":"Altre lloc gestionat amb el WordPress","potentialAction":[{"@type":"SearchAction","target":{"@type":"EntryPoint","urlTemplate":"https:\/\/museufabricareig.com\/?s={search_term_string}"},"query-input":{"@type":"PropertyValueSpecification","valueRequired":true,"valueName":"search_term_string"}}],"inLanguage":"en-US"}]}},"_links":{"self":[{"href":"https:\/\/museufabricareig.com\/index.php?rest_route=%2Fwp%2Fv2%2Fpages%2F4045&lang=en","targetHints":{"allow":["GET"]}}],"collection":[{"href":"https:\/\/museufabricareig.com\/index.php?rest_route=%2Fwp%2Fv2%2Fpages&lang=en"}],"about":[{"href":"https:\/\/museufabricareig.com\/index.php?rest_route=%2Fwp%2Fv2%2Ftypes%2Fpage&lang=en"}],"author":[{"embeddable":true,"href":"https:\/\/museufabricareig.com\/index.php?rest_route=%2Fwp%2Fv2%2Fusers%2F3&lang=en"}],"replies":[{"embeddable":true,"href":"https:\/\/museufabricareig.com\/index.php?rest_route=%2Fwp%2Fv2%2Fcomments&lang=en&post=4045"}],"version-history":[{"count":2,"href":"https:\/\/museufabricareig.com\/index.php?rest_route=%2Fwp%2Fv2%2Fpages%2F4045%2Frevisions&lang=en"}],"predecessor-version":[{"id":4049,"href":"https:\/\/museufabricareig.com\/index.php?rest_route=%2Fwp%2Fv2%2Fpages%2F4045%2Frevisions%2F4049&lang=en"}],"wp:attachment":[{"href":"https:\/\/museufabricareig.com\/index.php?rest_route=%2Fwp%2Fv2%2Fmedia&lang=en&parent=4045"}],"curies":[{"name":"wp","href":"https:\/\/api.w.org\/{rel}","templated":true}]}}